{"id":7,"date":"2025-12-30T02:03:55","date_gmt":"2025-12-30T02:03:55","guid":{"rendered":"http:\/\/noahtournantc6486fbbba-qxewm.wordpress.com\/?page_id=1"},"modified":"2026-01-02T15:47:54","modified_gmt":"2026-01-02T15:47:54","slug":"venez","status":"publish","type":"page","link":"https:\/\/noah-tournant.fr\/index.php\/venez\/","title":{"rendered":"Venez !"},"content":{"rendered":"\n<figure class=\"wp-block-image alignfull size-full\"><img loading=\"lazy\" decoding=\"async\" width=\"1024\" height=\"353\" src=\"http:\/\/noah-tournant.fr\/wp-content\/uploads\/2025\/12\/gemini_generated_image_6ihg5h6ihg5h6ihg-2.png\" alt=\"\" class=\"wp-image-21\" srcset=\"https:\/\/noah-tournant.fr\/wp-content\/uploads\/2025\/12\/gemini_generated_image_6ihg5h6ihg5h6ihg-2.png 1024w, https:\/\/noah-tournant.fr\/wp-content\/uploads\/2025\/12\/gemini_generated_image_6ihg5h6ihg5h6ihg-2-300x103.png 300w, https:\/\/noah-tournant.fr\/wp-content\/uploads\/2025\/12\/gemini_generated_image_6ihg5h6ihg5h6ihg-2-768x265.png 768w\" sizes=\"auto, (max-width: 1024px) 100vw, 1024px\" \/><\/figure>\n\n\n\n<h3 class=\"wp-block-heading\">O\u00f9 \u00e7a ?<\/h3>\n\n\n\n<p><strong>Citadelle de Lille<\/strong><\/p>\n\n\n\n<h3 class=\"wp-block-heading\">Quand \u00e7a ?<\/h3>\n\n\n\n<p><strong>15-17 Juillet 2026<\/strong><\/p>\n\n\n\n<h3 class=\"wp-block-heading\">Comment acheter sa place ?<\/h3>\n\n\n\n<p><strong>Sur place avec nos tarif :<\/strong><\/p>\n\n\n\n<p><strong>Early Bird<\/strong> 25\u20ac<\/p>\n\n\n\n<p><strong>Regular Ticket<\/strong> 35\u20ac<\/p>\n\n\n\n<p><strong>Late Ticket<\/strong> 45\u20ac<\/p>\n\n\n\n<p><strong>Pass VIP<\/strong> 70\u20ac<\/p>\n\n\n\n<h3 class=\"wp-block-heading\">Infos Pratiques<\/h3>\n\n\n\n<ul class=\"wp-block-list\">\n<li><strong>\u00c2ge minimum :<\/strong> \u00c9v\u00e9nement interdit aux mineurs (18+), carte d&#8217;identit\u00e9 obligatoire.<\/li>\n<\/ul>\n\n\n\n<ul class=\"wp-block-list\">\n<li><strong>Objets interdits :<\/strong> verre, objets tranchants, drogues etc<\/li>\n<\/ul>\n\n\n\n<ul class=\"wp-block-list\">\n<li><strong>Vestiaire :<\/strong> Prix et disponibilit\u00e9 sur place.<\/li>\n<\/ul>\n\n\n\n<figure class=\"wp-block-image alignfull size-full\"><img loading=\"lazy\" decoding=\"async\" width=\"1024\" height=\"1024\" src=\"http:\/\/noah-tournant.fr\/wp-content\/uploads\/2026\/01\/Gemini_Generated_Image_6sd03u6sd03u6sd0.png\" alt=\"\" class=\"wp-image-56\" srcset=\"https:\/\/noah-tournant.fr\/wp-content\/uploads\/2026\/01\/Gemini_Generated_Image_6sd03u6sd03u6sd0.png 1024w, https:\/\/noah-tournant.fr\/wp-content\/uploads\/2026\/01\/Gemini_Generated_Image_6sd03u6sd03u6sd0-300x300.png 300w, https:\/\/noah-tournant.fr\/wp-content\/uploads\/2026\/01\/Gemini_Generated_Image_6sd03u6sd03u6sd0-150x150.png 150w, https:\/\/noah-tournant.fr\/wp-content\/uploads\/2026\/01\/Gemini_Generated_Image_6sd03u6sd03u6sd0-768x768.png 768w\" sizes=\"auto, (max-width: 1024px) 100vw, 1024px\" \/><\/figure>\n","protected":false},"excerpt":{"rendered":"<p>O\u00f9 \u00e7a ? Citadelle de Lille Quand \u00e7a ? 15-17 Juillet 2026 Comment acheter sa place ? Sur place avec nos tarif : Early Bird 25\u20ac Regular Ticket 35\u20ac Late Ticket 45\u20ac Pass VIP 70\u20ac Infos Pratiques<\/p>\n","protected":false},"author":2,"featured_media":0,"parent":0,"menu_order":0,"comment_status":"closed","ping_status":"closed","template":"","meta":{"om_disable_all_campaigns":false,"_monsterinsights_skip_tracking":false,"_monsterinsights_sitenote_active":false,"_monsterinsights_sitenote_note":"","_monsterinsights_sitenote_category":0,"footnotes":""},"class_list":["post-7","page","type-page","status-publish","hentry"],"aioseo_notices":[],"_links":{"self":[{"href":"https:\/\/noah-tournant.fr\/index.php\/wp-json\/wp\/v2\/pages\/7","targetHints":{"allow":["GET"]}}],"collection":[{"href":"https:\/\/noah-tournant.fr\/index.php\/wp-json\/wp\/v2\/pages"}],"about":[{"href":"https:\/\/noah-tournant.fr\/index.php\/wp-json\/wp\/v2\/types\/page"}],"author":[{"embeddable":true,"href":"https:\/\/noah-tournant.fr\/index.php\/wp-json\/wp\/v2\/users\/2"}],"replies":[{"embeddable":true,"href":"https:\/\/noah-tournant.fr\/index.php\/wp-json\/wp\/v2\/comments?post=7"}],"version-history":[{"count":4,"href":"https:\/\/noah-tournant.fr\/index.php\/wp-json\/wp\/v2\/pages\/7\/revisions"}],"predecessor-version":[{"id":59,"href":"https:\/\/noah-tournant.fr\/index.php\/wp-json\/wp\/v2\/pages\/7\/revisions\/59"}],"wp:attachment":[{"href":"https:\/\/noah-tournant.fr\/index.php\/wp-json\/wp\/v2\/media?parent=7"}],"curies":[{"name":"wp","href":"https:\/\/api.w.org\/{rel}","templated":true}]}}